{"id":170,"date":"2023-03-21T11:44:14","date_gmt":"2023-03-21T11:44:14","guid":{"rendered":"https:\/\/tricop.philhist.unibas.ch\/?page_id=170"},"modified":"2023-10-02T08:26:18","modified_gmt":"2023-10-02T08:26:18","slug":"events","status":"publish","type":"page","link":"https:\/\/tricop.philhist.unibas.ch\/de\/events\/","title":{"rendered":"Events"},"content":{"rendered":"<div class=\"shariff\" data-title=\"Events\" data-info-url=\"http:\/\/ct.de\/-2467514\" data-backend-url=\"https:\/\/tricop.philhist.unibas.ch\/wp-content\/plugins\/shariff-sharing\/backend\/index.php\" data-temp=\"\/tmp\" data-ttl=\"60\" data-service=\"gftr\" data-services='[\"googleplus\",\"facebook\",\"twitter\",\"reddit\",\"info\"]' data-image=\"\" data-url=\"https:\/\/tricop.philhist.unibas.ch\/de\/events\/\" data-lang=\"en\" data-theme=\"colored\" data-orientation=\"horizontal\"><\/div>\n<figure class=\"wp-block-image size-large\"><img loading=\"lazy\" decoding=\"async\" width=\"1024\" height=\"1024\" src=\"https:\/\/tricop.philhist.unibas.ch\/wp-content\/uploads\/2023\/03\/20230324_123531-1024x1024.jpg\" alt=\"\" class=\"wp-image-234\" srcset=\"https:\/\/tricop.philhist.unibas.ch\/wp-content\/uploads\/2023\/03\/20230324_123531-1024x1024.jpg 1024w, https:\/\/tricop.philhist.unibas.ch\/wp-content\/uploads\/2023\/03\/20230324_123531-300x300.jpg 300w, https:\/\/tricop.philhist.unibas.ch\/wp-content\/uploads\/2023\/03\/20230324_123531-150x150.jpg 150w, https:\/\/tricop.philhist.unibas.ch\/wp-content\/uploads\/2023\/03\/20230324_123531-768x768.jpg 768w, https:\/\/tricop.philhist.unibas.ch\/wp-content\/uploads\/2023\/03\/20230324_123531-1536x1536.jpg 1536w, https:\/\/tricop.philhist.unibas.ch\/wp-content\/uploads\/2023\/03\/20230324_123531-2048x2048.jpg 2048w, https:\/\/tricop.philhist.unibas.ch\/wp-content\/uploads\/2023\/03\/20230324_123531-12x12.jpg 12w, https:\/\/tricop.philhist.unibas.ch\/wp-content\/uploads\/2023\/03\/20230324_123531-1568x1568.jpg 1568w\" sizes=\"auto, (max-width: 1024px) 100vw, 1024px\" \/><\/figure>\n\n\n\n<p>Die TRICOP-Veranstaltung <strong>\u201eProgressive Kooperation: Sozial \u2013 nachhaltig \u2013 innovativ\u201c<\/strong> an der EH Freiburg (<strong>24.03.2023<\/strong>,&nbsp;<strong>09:00 \u2013 12:30<\/strong>) war ein gro\u00dfer Erfolg! Unsere Diskussionen konzentrierten sich auf die M\u00f6glichkeiten der Zusammenarbeit und die verschiedenen Hindernisse, die \u00fcberwunden werden m\u00fcssen &#8211; wir haben einige sehr interessante Ideen und Wege der Zusammenarbeit gefunden, um Erfolg zu haben!<\/p>\n\n\n\n<figure class=\"wp-block-gallery has-nested-images columns-default is-cropped wp-block-gallery-1 is-layout-flex wp-block-gallery-is-layout-flex\">\n<figure class=\"wp-block-image size-large\"><img loading=\"lazy\" decoding=\"async\" width=\"1024\" height=\"1024\" data-id=\"215\" src=\"https:\/\/tricop.philhist.unibas.ch\/wp-content\/uploads\/2023\/03\/20230324_110343-1024x1024.jpg\" alt=\"\" class=\"wp-image-215\" srcset=\"https:\/\/tricop.philhist.unibas.ch\/wp-content\/uploads\/2023\/03\/20230324_110343-1024x1024.jpg 1024w, https:\/\/tricop.philhist.unibas.ch\/wp-content\/uploads\/2023\/03\/20230324_110343-300x300.jpg 300w, https:\/\/tricop.philhist.unibas.ch\/wp-content\/uploads\/2023\/03\/20230324_110343-150x150.jpg 150w, https:\/\/tricop.philhist.unibas.ch\/wp-content\/uploads\/2023\/03\/20230324_110343-768x768.jpg 768w, https:\/\/tricop.philhist.unibas.ch\/wp-content\/uploads\/2023\/03\/20230324_110343-1536x1536.jpg 1536w, https:\/\/tricop.philhist.unibas.ch\/wp-content\/uploads\/2023\/03\/20230324_110343-2048x2048.jpg 2048w, https:\/\/tricop.philhist.unibas.ch\/wp-content\/uploads\/2023\/03\/20230324_110343-12x12.jpg 12w, https:\/\/tricop.philhist.unibas.ch\/wp-content\/uploads\/2023\/03\/20230324_110343-1568x1568.jpg 1568w\" sizes=\"auto, (max-width: 1024px) 100vw, 1024px\" \/><\/figure>\n\n\n\n<figure class=\"wp-block-image size-large\"><img loading=\"lazy\" decoding=\"async\" width=\"1024\" height=\"1024\" data-id=\"213\" src=\"https:\/\/tricop.philhist.unibas.ch\/wp-content\/uploads\/2023\/03\/20230324_110324-1024x1024.jpg\" alt=\"\" class=\"wp-image-213\" srcset=\"https:\/\/tricop.philhist.unibas.ch\/wp-content\/uploads\/2023\/03\/20230324_110324-1024x1024.jpg 1024w, https:\/\/tricop.philhist.unibas.ch\/wp-content\/uploads\/2023\/03\/20230324_110324-300x300.jpg 300w, https:\/\/tricop.philhist.unibas.ch\/wp-content\/uploads\/2023\/03\/20230324_110324-150x150.jpg 150w, https:\/\/tricop.philhist.unibas.ch\/wp-content\/uploads\/2023\/03\/20230324_110324-768x768.jpg 768w, https:\/\/tricop.philhist.unibas.ch\/wp-content\/uploads\/2023\/03\/20230324_110324-1536x1536.jpg 1536w, https:\/\/tricop.philhist.unibas.ch\/wp-content\/uploads\/2023\/03\/20230324_110324-2048x2048.jpg 2048w, https:\/\/tricop.philhist.unibas.ch\/wp-content\/uploads\/2023\/03\/20230324_110324-12x12.jpg 12w, https:\/\/tricop.philhist.unibas.ch\/wp-content\/uploads\/2023\/03\/20230324_110324-1568x1568.jpg 1568w\" sizes=\"auto, (max-width: 1024px) 100vw, 1024px\" \/><\/figure>\n\n\n\n<figure class=\"wp-block-image size-large\"><img loading=\"lazy\" decoding=\"async\" width=\"1024\" height=\"1024\" data-id=\"207\" src=\"https:\/\/tricop.philhist.unibas.ch\/wp-content\/uploads\/2023\/03\/20230324_095929-1024x1024.jpg\" alt=\"\" class=\"wp-image-207\" srcset=\"https:\/\/tricop.philhist.unibas.ch\/wp-content\/uploads\/2023\/03\/20230324_095929-1024x1024.jpg 1024w, https:\/\/tricop.philhist.unibas.ch\/wp-content\/uploads\/2023\/03\/20230324_095929-300x300.jpg 300w, https:\/\/tricop.philhist.unibas.ch\/wp-content\/uploads\/2023\/03\/20230324_095929-150x150.jpg 150w, https:\/\/tricop.philhist.unibas.ch\/wp-content\/uploads\/2023\/03\/20230324_095929-768x768.jpg 768w, https:\/\/tricop.philhist.unibas.ch\/wp-content\/uploads\/2023\/03\/20230324_095929-1536x1536.jpg 1536w, https:\/\/tricop.philhist.unibas.ch\/wp-content\/uploads\/2023\/03\/20230324_095929-2048x2048.jpg 2048w, https:\/\/tricop.philhist.unibas.ch\/wp-content\/uploads\/2023\/03\/20230324_095929-12x12.jpg 12w, https:\/\/tricop.philhist.unibas.ch\/wp-content\/uploads\/2023\/03\/20230324_095929-1568x1568.jpg 1568w\" sizes=\"auto, (max-width: 1024px) 100vw, 1024px\" \/><figcaption class=\"wp-element-caption\">Dr lljana Schubert<\/figcaption><\/figure>\n\n\n\n<figure class=\"wp-block-image size-large\"><img loading=\"lazy\" decoding=\"async\" width=\"1024\" height=\"768\" data-id=\"251\" src=\"https:\/\/tricop.philhist.unibas.ch\/wp-content\/uploads\/2023\/03\/IMG_5921-1024x768.jpeg\" alt=\"\" class=\"wp-image-251\" srcset=\"https:\/\/tricop.philhist.unibas.ch\/wp-content\/uploads\/2023\/03\/IMG_5921-1024x768.jpeg 1024w, https:\/\/tricop.philhist.unibas.ch\/wp-content\/uploads\/2023\/03\/IMG_5921-300x225.jpeg 300w, https:\/\/tricop.philhist.unibas.ch\/wp-content\/uploads\/2023\/03\/IMG_5921-768x576.jpeg 768w, https:\/\/tricop.philhist.unibas.ch\/wp-content\/uploads\/2023\/03\/IMG_5921-1536x1152.jpeg 1536w, https:\/\/tricop.philhist.unibas.ch\/wp-content\/uploads\/2023\/03\/IMG_5921-2048x1536.jpeg 2048w, https:\/\/tricop.philhist.unibas.ch\/wp-content\/uploads\/2023\/03\/IMG_5921-16x12.jpeg 16w, https:\/\/tricop.philhist.unibas.ch\/wp-content\/uploads\/2023\/03\/IMG_5921-1568x1176.jpeg 1568w\" sizes=\"auto, (max-width: 1024px) 100vw, 1024px\" \/><figcaption class=\"wp-element-caption\">Dr Stefan Meier<\/figcaption><\/figure>\n\n\n\n<figure class=\"wp-block-image size-large\"><img loading=\"lazy\" decoding=\"async\" width=\"1024\" height=\"1024\" data-id=\"228\" src=\"https:\/\/tricop.philhist.unibas.ch\/wp-content\/uploads\/2023\/03\/20230324_122007-1024x1024.jpg\" alt=\"\" class=\"wp-image-228\" srcset=\"https:\/\/tricop.philhist.unibas.ch\/wp-content\/uploads\/2023\/03\/20230324_122007-1024x1024.jpg 1024w, https:\/\/tricop.philhist.unibas.ch\/wp-content\/uploads\/2023\/03\/20230324_122007-300x300.jpg 300w, https:\/\/tricop.philhist.unibas.ch\/wp-content\/uploads\/2023\/03\/20230324_122007-150x150.jpg 150w, https:\/\/tricop.philhist.unibas.ch\/wp-content\/uploads\/2023\/03\/20230324_122007-768x768.jpg 768w, https:\/\/tricop.philhist.unibas.ch\/wp-content\/uploads\/2023\/03\/20230324_122007-1536x1536.jpg 1536w, https:\/\/tricop.philhist.unibas.ch\/wp-content\/uploads\/2023\/03\/20230324_122007-2048x2048.jpg 2048w, https:\/\/tricop.philhist.unibas.ch\/wp-content\/uploads\/2023\/03\/20230324_122007-12x12.jpg 12w, https:\/\/tricop.philhist.unibas.ch\/wp-content\/uploads\/2023\/03\/20230324_122007-1568x1568.jpg 1568w\" sizes=\"auto, (max-width: 1024px) 100vw, 1024px\" \/><figcaption class=\"wp-element-caption\"> <\/figcaption><\/figure>\n\n\n\n<figure class=\"wp-block-image size-large\"><img loading=\"lazy\" decoding=\"async\" width=\"1024\" height=\"1024\" data-id=\"229\" src=\"https:\/\/tricop.philhist.unibas.ch\/wp-content\/uploads\/2023\/03\/20230324_122422-1024x1024.jpg\" alt=\"\" class=\"wp-image-229\" srcset=\"https:\/\/tricop.philhist.unibas.ch\/wp-content\/uploads\/2023\/03\/20230324_122422-1024x1024.jpg 1024w, https:\/\/tricop.philhist.unibas.ch\/wp-content\/uploads\/2023\/03\/20230324_122422-300x300.jpg 300w, https:\/\/tricop.philhist.unibas.ch\/wp-content\/uploads\/2023\/03\/20230324_122422-150x150.jpg 150w, https:\/\/tricop.philhist.unibas.ch\/wp-content\/uploads\/2023\/03\/20230324_122422-768x768.jpg 768w, https:\/\/tricop.philhist.unibas.ch\/wp-content\/uploads\/2023\/03\/20230324_122422-1536x1536.jpg 1536w, https:\/\/tricop.philhist.unibas.ch\/wp-content\/uploads\/2023\/03\/20230324_122422-2048x2048.jpg 2048w, https:\/\/tricop.philhist.unibas.ch\/wp-content\/uploads\/2023\/03\/20230324_122422-12x12.jpg 12w, https:\/\/tricop.philhist.unibas.ch\/wp-content\/uploads\/2023\/03\/20230324_122422-1568x1568.jpg 1568w\" sizes=\"auto, (max-width: 1024px) 100vw, 1024px\" \/><\/figure>\n\n\n\n<figure class=\"wp-block-image size-large\"><img loading=\"lazy\" decoding=\"async\" width=\"1024\" height=\"1024\" data-id=\"230\" src=\"https:\/\/tricop.philhist.unibas.ch\/wp-content\/uploads\/2023\/03\/20230324_122436-1024x1024.jpg\" alt=\"\" class=\"wp-image-230\" srcset=\"https:\/\/tricop.philhist.unibas.ch\/wp-content\/uploads\/2023\/03\/20230324_122436-1024x1024.jpg 1024w, https:\/\/tricop.philhist.unibas.ch\/wp-content\/uploads\/2023\/03\/20230324_122436-300x300.jpg 300w, https:\/\/tricop.philhist.unibas.ch\/wp-content\/uploads\/2023\/03\/20230324_122436-150x150.jpg 150w, https:\/\/tricop.philhist.unibas.ch\/wp-content\/uploads\/2023\/03\/20230324_122436-768x768.jpg 768w, https:\/\/tricop.philhist.unibas.ch\/wp-content\/uploads\/2023\/03\/20230324_122436-1536x1536.jpg 1536w, https:\/\/tricop.philhist.unibas.ch\/wp-content\/uploads\/2023\/03\/20230324_122436-2048x2048.jpg 2048w, https:\/\/tricop.philhist.unibas.ch\/wp-content\/uploads\/2023\/03\/20230324_122436-12x12.jpg 12w, https:\/\/tricop.philhist.unibas.ch\/wp-content\/uploads\/2023\/03\/20230324_122436-1568x1568.jpg 1568w\" sizes=\"auto, (max-width: 1024px) 100vw, 1024px\" \/><\/figure>\n\n\n\n<figure class=\"wp-block-image size-large\"><img loading=\"lazy\" decoding=\"async\" width=\"1024\" height=\"1024\" data-id=\"201\" src=\"https:\/\/tricop.philhist.unibas.ch\/wp-content\/uploads\/2023\/03\/20230324_090902-1024x1024.jpg\" alt=\"\" class=\"wp-image-201\" srcset=\"https:\/\/tricop.philhist.unibas.ch\/wp-content\/uploads\/2023\/03\/20230324_090902-1024x1024.jpg 1024w, https:\/\/tricop.philhist.unibas.ch\/wp-content\/uploads\/2023\/03\/20230324_090902-300x300.jpg 300w, https:\/\/tricop.philhist.unibas.ch\/wp-content\/uploads\/2023\/03\/20230324_090902-150x150.jpg 150w, https:\/\/tricop.philhist.unibas.ch\/wp-content\/uploads\/2023\/03\/20230324_090902-768x768.jpg 768w, https:\/\/tricop.philhist.unibas.ch\/wp-content\/uploads\/2023\/03\/20230324_090902-1536x1536.jpg 1536w, https:\/\/tricop.philhist.unibas.ch\/wp-content\/uploads\/2023\/03\/20230324_090902-2048x2048.jpg 2048w, https:\/\/tricop.philhist.unibas.ch\/wp-content\/uploads\/2023\/03\/20230324_090902-12x12.jpg 12w, https:\/\/tricop.philhist.unibas.ch\/wp-content\/uploads\/2023\/03\/20230324_090902-1568x1568.jpg 1568w\" sizes=\"auto, (max-width: 1024px) 100vw, 1024px\" \/><figcaption class=\"wp-element-caption\">Dr Simon Sohre<\/figcaption><\/figure>\n<\/figure>\n","protected":false},"excerpt":{"rendered":"<p>Die TRICOP-Veranstaltung \u201eProgressive Kooperation: Sozial \u2013 nachhaltig \u2013 innovativ\u201c an der EH Freiburg (24.03.2023,&nbsp;09:00 \u2013 12:30) war ein gro\u00dfer Erfolg! Unsere Diskussionen konzentrierten sich auf die M\u00f6glichkeiten der Zusammenarbeit und die verschiedenen Hindernisse, die \u00fcberwunden werden m\u00fcssen &#8211; wir haben einige sehr interessante Ideen und Wege der Zusammenarbeit gefunden, um Erfolg zu haben!<\/p>\n","protected":false},"author":1,"featured_media":0,"parent":0,"menu_order":0,"comment_status":"closed","ping_status":"closed","template":"","meta":{"_bbp_topic_count":0,"_bbp_reply_count":0,"_bbp_total_topic_count":0,"_bbp_total_reply_count":0,"_bbp_voice_count":0,"_bbp_anonymous_reply_count":0,"_bbp_topic_count_hidden":0,"_bbp_reply_count_hidden":0,"_bbp_forum_subforum_count":0,"footnotes":""},"class_list":["post-170","page","type-page","status-publish","hentry","entry"],"_links":{"self":[{"href":"https:\/\/tricop.philhist.unibas.ch\/de\/wp-json\/wp\/v2\/pages\/170","targetHints":{"allow":["GET"]}}],"collection":[{"href":"https:\/\/tricop.philhist.unibas.ch\/de\/wp-json\/wp\/v2\/pages"}],"about":[{"href":"https:\/\/tricop.philhist.unibas.ch\/de\/wp-json\/wp\/v2\/types\/page"}],"author":[{"embeddable":true,"href":"https:\/\/tricop.philhist.unibas.ch\/de\/wp-json\/wp\/v2\/users\/1"}],"replies":[{"embeddable":true,"href":"https:\/\/tricop.philhist.unibas.ch\/de\/wp-json\/wp\/v2\/comments?post=170"}],"version-history":[{"count":5,"href":"https:\/\/tricop.philhist.unibas.ch\/de\/wp-json\/wp\/v2\/pages\/170\/revisions"}],"predecessor-version":[{"id":293,"href":"https:\/\/tricop.philhist.unibas.ch\/de\/wp-json\/wp\/v2\/pages\/170\/revisions\/293"}],"wp:attachment":[{"href":"https:\/\/tricop.philhist.unibas.ch\/de\/wp-json\/wp\/v2\/media?parent=170"}],"curies":[{"name":"wp","href":"https:\/\/api.w.org\/{rel}","templated":true}]}}