{"id":26,"date":"2023-01-23T12:05:42","date_gmt":"2023-01-23T12:05:42","guid":{"rendered":"https:\/\/tricop.philhist.unibas.ch\/?page_id=26"},"modified":"2023-04-20T09:08:21","modified_gmt":"2023-04-20T09:08:21","slug":"links","status":"publish","type":"page","link":"https:\/\/tricop.philhist.unibas.ch\/de\/links\/","title":{"rendered":"Partnerschaften"},"content":{"rendered":"<div class=\"shariff\" data-title=\"Partnerschaften\" data-info-url=\"http:\/\/ct.de\/-2467514\" data-backend-url=\"https:\/\/tricop.philhist.unibas.ch\/wp-content\/plugins\/shariff-sharing\/backend\/index.php\" data-temp=\"\/tmp\" data-ttl=\"60\" data-service=\"gftr\" data-services='[\"googleplus\",\"facebook\",\"twitter\",\"reddit\",\"info\"]' data-image=\"\" data-url=\"https:\/\/tricop.philhist.unibas.ch\/de\/links\/\" data-lang=\"en\" data-theme=\"colored\" data-orientation=\"horizontal\"><\/div>\n<p>Auf dieser Seite finden Sie Links zu unseren Partnerorganisationen:<\/p>\n\n\n\n<div class=\"wp-block-columns is-layout-flex wp-container-core-columns-is-layout-9d6595d7 wp-block-columns-is-layout-flex\">\n<div class=\"wp-block-column is-layout-flow wp-block-column-is-layout-flow\">\n<p><a rel=\"noreferrer noopener\" href=\"https:\/\/transitions.unibas.ch\/en\/projects\/tricop-trinational-cooperation-platform-for-sustainability-initiatives-social-work-institutions-and-sustainability-oriented-companies\/\" target=\"_blank\">UniBas TRICOP<\/a><img loading=\"lazy\" decoding=\"async\" width=\"150\" height=\"63\" class=\"wp-image-90\" style=\"width: 150px;\" src=\"https:\/\/tricop.philhist.unibas.ch\/wp-content\/uploads\/2023\/02\/Screenshot-2023-02-28-at-12.14.49.png\" alt=\"\" srcset=\"https:\/\/tricop.philhist.unibas.ch\/wp-content\/uploads\/2023\/02\/Screenshot-2023-02-28-at-12.14.49.png 496w, https:\/\/tricop.philhist.unibas.ch\/wp-content\/uploads\/2023\/02\/Screenshot-2023-02-28-at-12.14.49-300x126.png 300w\" sizes=\"auto, (max-width: 150px) 100vw, 150px\" \/><\/p>\n<\/div>\n\n\n\n<div class=\"wp-block-column is-layout-flow wp-block-column-is-layout-flow\">\n<p><a rel=\"noreferrer noopener\" href=\"https:\/\/www.eh-freiburg.de\/\" target=\"_blank\">EH Freiburg <\/a><img loading=\"lazy\" decoding=\"async\" width=\"150\" height=\"66\" class=\"wp-image-91\" style=\"width: 150px;\" src=\"https:\/\/tricop.philhist.unibas.ch\/wp-content\/uploads\/2023\/02\/Screenshot-2023-02-28-at-12.18.13.png\" alt=\"\" srcset=\"https:\/\/tricop.philhist.unibas.ch\/wp-content\/uploads\/2023\/02\/Screenshot-2023-02-28-at-12.18.13.png 340w, https:\/\/tricop.philhist.unibas.ch\/wp-content\/uploads\/2023\/02\/Screenshot-2023-02-28-at-12.18.13-300x132.png 300w\" sizes=\"auto, (max-width: 150px) 100vw, 150px\" \/><\/p>\n<\/div>\n\n\n\n<div class=\"wp-block-column is-layout-flow wp-block-column-is-layout-flow\">\n<p><a rel=\"noreferrer noopener\" href=\"https:\/\/www.regbas.ch\/de\/kooperationen\/ikrb\/\" target=\"_blank\">IKRB <\/a><img loading=\"lazy\" decoding=\"async\" width=\"166\" height=\"44\" class=\"wp-image-92\" style=\"width: 166px;\" src=\"https:\/\/tricop.philhist.unibas.ch\/wp-content\/uploads\/2023\/02\/Screenshot-2023-02-28-at-12.19.14.png\" alt=\"\" srcset=\"https:\/\/tricop.philhist.unibas.ch\/wp-content\/uploads\/2023\/02\/Screenshot-2023-02-28-at-12.19.14.png 692w, https:\/\/tricop.philhist.unibas.ch\/wp-content\/uploads\/2023\/02\/Screenshot-2023-02-28-at-12.19.14-300x79.png 300w\" sizes=\"auto, (max-width: 166px) 100vw, 166px\" \/><\/p>\n<\/div>\n<\/div>\n\n\n\n<div class=\"wp-block-columns is-layout-flex wp-container-core-columns-is-layout-9d6595d7 wp-block-columns-is-layout-flex\">\n<div class=\"wp-block-column is-layout-flow wp-block-column-is-layout-flow\">\n<p>     <a rel=\"noreferrer noopener\" href=\"http:\/\/ecotrinova.de\/pages\/startseite.php\" target=\"_blank\">Ecotrinova<\/a> <img loading=\"lazy\" decoding=\"async\" width=\"150\" height=\"77\" class=\"wp-image-77\" style=\"width: 150px;\" src=\"https:\/\/tricop.philhist.unibas.ch\/wp-content\/uploads\/2023\/02\/Screenshot-2023-02-21-at-15.14.39-1.png\" alt=\"\" srcset=\"https:\/\/tricop.philhist.unibas.ch\/wp-content\/uploads\/2023\/02\/Screenshot-2023-02-21-at-15.14.39-1.png 324w, https:\/\/tricop.philhist.unibas.ch\/wp-content\/uploads\/2023\/02\/Screenshot-2023-02-21-at-15.14.39-1-300x154.png 300w\" sizes=\"auto, (max-width: 150px) 100vw, 150px\" \/><\/p>\n\n\n\n<p><\/p>\n\n\n\n<p><a rel=\"noreferrer noopener\" href=\"https:\/\/www.climatejustice.ch\/\" target=\"_blank\">Collective Climate Justice<\/a><img loading=\"lazy\" decoding=\"async\" width=\"150\" height=\"141\" class=\"wp-image-69\" style=\"width: 150px;\" src=\"https:\/\/tricop.philhist.unibas.ch\/wp-content\/uploads\/2023\/02\/Screenshot-2023-02-21-at-15.18.19.png\" alt=\"\"><\/p>\n\n\n\n<p><a rel=\"noreferrer noopener\" href=\"https:\/\/oekozentrum.ch\/de\/\" target=\"_blank\">\u00d6kozentrum<\/a><img loading=\"lazy\" decoding=\"async\" width=\"150\" height=\"56\" class=\"wp-image-76\" style=\"width: 150px;\" src=\"https:\/\/tricop.philhist.unibas.ch\/wp-content\/uploads\/2023\/02\/Screenshot-2023-02-21-at-15.18.37.png\" alt=\"\" srcset=\"https:\/\/tricop.philhist.unibas.ch\/wp-content\/uploads\/2023\/02\/Screenshot-2023-02-21-at-15.18.37.png 498w, https:\/\/tricop.philhist.unibas.ch\/wp-content\/uploads\/2023\/02\/Screenshot-2023-02-21-at-15.18.37-300x112.png 300w\" sizes=\"auto, (max-width: 150px) 100vw, 150px\" \/><\/p>\n\n\n\n<p><a rel=\"noreferrer noopener\" href=\"http:\/\/www.balancebale.ch\/\" target=\"_blank\">B\u00e2lance B\u00e2le<\/a><img loading=\"lazy\" decoding=\"async\" width=\"142\" height=\"72\" class=\"wp-image-73\" style=\"width: 142px;\" src=\"https:\/\/tricop.philhist.unibas.ch\/wp-content\/uploads\/2023\/02\/Screenshot-2023-02-21-at-15.19.08.png\" alt=\"\"><\/p>\n\n\n\n<p><a href=\"https:\/\/blog.blablacar.de\/\" target=\"_blank\" rel=\"noreferrer noopener\">Blabla Car<\/a><img loading=\"lazy\" decoding=\"async\" width=\"150\" height=\"125\" class=\"wp-image-115\" style=\"width: 150px;\" src=\"https:\/\/tricop.philhist.unibas.ch\/wp-content\/uploads\/2023\/03\/Screenshot-2023-03-07-at-11.40.13.png\" alt=\"\" srcset=\"https:\/\/tricop.philhist.unibas.ch\/wp-content\/uploads\/2023\/03\/Screenshot-2023-03-07-at-11.40.13.png 630w, https:\/\/tricop.philhist.unibas.ch\/wp-content\/uploads\/2023\/03\/Screenshot-2023-03-07-at-11.40.13-300x250.png 300w\" sizes=\"auto, (max-width: 150px) 100vw, 150px\" \/><\/p>\n\n\n\n<p><a href=\"https:\/\/baselunverpackt.ch\/de\/\" target=\"_blank\" rel=\"noreferrer noopener\">Basel Unverpackt<\/a><img loading=\"lazy\" decoding=\"async\" width=\"150\" height=\"41\" class=\"wp-image-118\" style=\"width: 150px;\" src=\"https:\/\/tricop.philhist.unibas.ch\/wp-content\/uploads\/2023\/03\/Screenshot-2023-03-07-at-11.45.00.png\" alt=\"\" srcset=\"https:\/\/tricop.philhist.unibas.ch\/wp-content\/uploads\/2023\/03\/Screenshot-2023-03-07-at-11.45.00.png 426w, https:\/\/tricop.philhist.unibas.ch\/wp-content\/uploads\/2023\/03\/Screenshot-2023-03-07-at-11.45.00-300x82.png 300w\" sizes=\"auto, (max-width: 150px) 100vw, 150px\" \/><\/p>\n<\/div>\n\n\n\n<div class=\"wp-block-column is-layout-flow wp-block-column-is-layout-flow\">\n<p><a rel=\"noreferrer noopener\" href=\"https:\/\/www.jardindelagarance.net\/qui-sommes-nous\" target=\"_blank\">Jardin de la Garance<\/a><img loading=\"lazy\" decoding=\"async\" width=\"150\" height=\"44\" class=\"wp-image-78\" style=\"width: 150px;\" src=\"https:\/\/tricop.philhist.unibas.ch\/wp-content\/uploads\/2023\/02\/Screenshot-2023-02-21-at-15.18.10.png\" alt=\"\" srcset=\"https:\/\/tricop.philhist.unibas.ch\/wp-content\/uploads\/2023\/02\/Screenshot-2023-02-21-at-15.18.10.png 508w, https:\/\/tricop.philhist.unibas.ch\/wp-content\/uploads\/2023\/02\/Screenshot-2023-02-21-at-15.18.10-300x87.png 300w\" sizes=\"auto, (max-width: 150px) 100vw, 150px\" \/><\/p>\n\n\n\n<p><\/p>\n\n\n\n<p><a rel=\"noreferrer noopener\" href=\"https:\/\/oekogemeinde.ch\/\" target=\"_blank\">\u00d6kogemeinde Binningen<\/a><img loading=\"lazy\" decoding=\"async\" width=\"150\" height=\"134\" class=\"wp-image-70\" style=\"width: 150px;\" src=\"https:\/\/tricop.philhist.unibas.ch\/wp-content\/uploads\/2023\/02\/Screenshot-2023-02-21-at-15.18.25.png\" alt=\"\" srcset=\"https:\/\/tricop.philhist.unibas.ch\/wp-content\/uploads\/2023\/02\/Screenshot-2023-02-21-at-15.18.25.png 326w, https:\/\/tricop.philhist.unibas.ch\/wp-content\/uploads\/2023\/02\/Screenshot-2023-02-21-at-15.18.25-300x269.png 300w\" sizes=\"auto, (max-width: 150px) 100vw, 150px\" \/><\/p>\n\n\n\n<p><a rel=\"noreferrer noopener\" href=\"http:\/\/quartiersarbeit-vauban.de\/\" target=\"_blank\">Quartiersarbeit Vauban<\/a><img loading=\"lazy\" decoding=\"async\" width=\"150\" height=\"132\" class=\"wp-image-67\" style=\"width: 150px;\" src=\"https:\/\/tricop.philhist.unibas.ch\/wp-content\/uploads\/2023\/02\/Screenshot-2023-02-21-at-15.18.45.png\" alt=\"\" srcset=\"https:\/\/tricop.philhist.unibas.ch\/wp-content\/uploads\/2023\/02\/Screenshot-2023-02-21-at-15.18.45.png 332w, https:\/\/tricop.philhist.unibas.ch\/wp-content\/uploads\/2023\/02\/Screenshot-2023-02-21-at-15.18.45-300x264.png 300w\" sizes=\"auto, (max-width: 150px) 100vw, 150px\" \/><\/p>\n\n\n\n<p><a href=\"https:\/\/www.regionalwert-ag.de\/\" target=\"_blank\" rel=\"noreferrer noopener\">Regionalwert AG Freiburg<\/a><img loading=\"lazy\" decoding=\"async\" width=\"150\" height=\"77\" class=\"wp-image-116\" style=\"width: 150px;\" src=\"https:\/\/tricop.philhist.unibas.ch\/wp-content\/uploads\/2023\/03\/Screenshot-2023-03-07-at-11.41.40.png\" alt=\"\"><\/p>\n\n\n\n<p><a rel=\"noreferrer noopener\" href=\"https:\/\/www.waldhaus-freiburg.de\/waldhaus\" target=\"_blank\">Waldhaus Freiburg<\/a><img loading=\"lazy\" decoding=\"async\" width=\"150\" height=\"83\" class=\"wp-image-119\" style=\"width: 150px;\" src=\"https:\/\/tricop.philhist.unibas.ch\/wp-content\/uploads\/2023\/03\/Screenshot-2023-03-07-at-11.46.33.png\" alt=\"\" srcset=\"https:\/\/tricop.philhist.unibas.ch\/wp-content\/uploads\/2023\/03\/Screenshot-2023-03-07-at-11.46.33.png 920w, https:\/\/tricop.philhist.unibas.ch\/wp-content\/uploads\/2023\/03\/Screenshot-2023-03-07-at-11.46.33-300x165.png 300w, https:\/\/tricop.philhist.unibas.ch\/wp-content\/uploads\/2023\/03\/Screenshot-2023-03-07-at-11.46.33-768x422.png 768w\" sizes=\"auto, (max-width: 150px) 100vw, 150px\" \/><\/p>\n\n\n\n<p><a href=\"https:\/\/stadtoasen.info\/\" target=\"_blank\" rel=\"noreferrer noopener\">StadtOasen Bad S\u00e4ckingen<\/a><img loading=\"lazy\" decoding=\"async\" width=\"150\" height=\"52\" class=\"wp-image-262\" style=\"width: 150px;\" src=\"https:\/\/tricop.philhist.unibas.ch\/wp-content\/uploads\/2023\/04\/Logo_StadtOasen_2016.jpg\" alt=\"\" srcset=\"https:\/\/tricop.philhist.unibas.ch\/wp-content\/uploads\/2023\/04\/Logo_StadtOasen_2016.jpg 935w, https:\/\/tricop.philhist.unibas.ch\/wp-content\/uploads\/2023\/04\/Logo_StadtOasen_2016-300x104.jpg 300w, https:\/\/tricop.philhist.unibas.ch\/wp-content\/uploads\/2023\/04\/Logo_StadtOasen_2016-768x266.jpg 768w, https:\/\/tricop.philhist.unibas.ch\/wp-content\/uploads\/2023\/04\/Logo_StadtOasen_2016-18x6.jpg 18w\" sizes=\"auto, (max-width: 150px) 100vw, 150px\" \/><\/p>\n\n\n\n<p><\/p>\n<\/div>\n\n\n\n<div class=\"wp-block-column is-layout-flow wp-block-column-is-layout-flow\">\n<p><a rel=\"noreferrer noopener\" href=\"https:\/\/konsumentenverband.ch\/basel\/index.php\" target=\"_blank\">Konsumerverband Basel<\/a><img loading=\"lazy\" decoding=\"async\" width=\"150\" height=\"112\" class=\"wp-image-68\" style=\"width: 150px;\" src=\"https:\/\/tricop.philhist.unibas.ch\/wp-content\/uploads\/2023\/02\/Screenshot-2023-02-21-at-15.18.15.png\" alt=\"\" srcset=\"https:\/\/tricop.philhist.unibas.ch\/wp-content\/uploads\/2023\/02\/Screenshot-2023-02-21-at-15.18.15.png 318w, https:\/\/tricop.philhist.unibas.ch\/wp-content\/uploads\/2023\/02\/Screenshot-2023-02-21-at-15.18.15-300x225.png 300w\" sizes=\"auto, (max-width: 150px) 100vw, 150px\" \/><\/p>\n\n\n\n<p><\/p>\n\n\n\n<p><a rel=\"noreferrer noopener\" href=\"https:\/\/decroissance-basel.org\/\" target=\"_blank\">D\u00e9croissance Basel<\/a><img loading=\"lazy\" decoding=\"async\" width=\"150\" height=\"83\" class=\"wp-image-71\" style=\"width: 150px;\" src=\"https:\/\/tricop.philhist.unibas.ch\/wp-content\/uploads\/2023\/02\/Screenshot-2023-02-21-at-15.18.31.png\" alt=\"\" srcset=\"https:\/\/tricop.philhist.unibas.ch\/wp-content\/uploads\/2023\/02\/Screenshot-2023-02-21-at-15.18.31.png 484w, https:\/\/tricop.philhist.unibas.ch\/wp-content\/uploads\/2023\/02\/Screenshot-2023-02-21-at-15.18.31-300x166.png 300w\" sizes=\"auto, (max-width: 150px) 100vw, 150px\" \/><\/p>\n\n\n\n<p><a rel=\"noreferrer noopener\" href=\"https:\/\/www.slowfood.ch\/de\/convivium\/basel\" target=\"_blank\">Slow Food Basel<\/a><img loading=\"lazy\" decoding=\"async\" width=\"150\" height=\"67\" class=\"wp-image-72\" style=\"width: 150px;\" src=\"https:\/\/tricop.philhist.unibas.ch\/wp-content\/uploads\/2023\/02\/Screenshot-2023-02-21-at-15.18.50.png\" alt=\"\" srcset=\"https:\/\/tricop.philhist.unibas.ch\/wp-content\/uploads\/2023\/02\/Screenshot-2023-02-21-at-15.18.50.png 520w, https:\/\/tricop.philhist.unibas.ch\/wp-content\/uploads\/2023\/02\/Screenshot-2023-02-21-at-15.18.50-300x134.png 300w\" sizes=\"auto, (max-width: 150px) 100vw, 150px\" \/><\/p>\n\n\n\n<p><a rel=\"noreferrer noopener\" href=\"https:\/\/anstiftung.de\/\" target=\"_blank\">Studentengarten Freiburg<\/a><img loading=\"lazy\" decoding=\"async\" width=\"150\" height=\"77\" class=\"wp-image-75\" style=\"width: 150px;\" src=\"https:\/\/tricop.philhist.unibas.ch\/wp-content\/uploads\/2023\/02\/Screenshot-2023-02-21-at-15.19.28.png\" alt=\"\" srcset=\"https:\/\/tricop.philhist.unibas.ch\/wp-content\/uploads\/2023\/02\/Screenshot-2023-02-21-at-15.19.28.png 384w, https:\/\/tricop.philhist.unibas.ch\/wp-content\/uploads\/2023\/02\/Screenshot-2023-02-21-at-15.19.28-300x155.png 300w\" sizes=\"auto, (max-width: 150px) 100vw, 150px\" \/><\/p>\n\n\n\n<p><a rel=\"noreferrer noopener\" href=\"https:\/\/www.baselwandel.ch\/\" target=\"_blank\">Basel Wandel<\/a><img loading=\"lazy\" decoding=\"async\" width=\"150\" height=\"117\" class=\"wp-image-117\" style=\"width: 150px;\" src=\"https:\/\/tricop.philhist.unibas.ch\/wp-content\/uploads\/2023\/03\/Screenshot-2023-03-07-at-11.44.00.png\" alt=\"\"><\/p>\n\n\n\n<p><a href=\"https:\/\/www.freiburg.de\/pb\/206068.html\" target=\"_blank\" rel=\"noreferrer noopener\">Stadt Freiburg i. Br. Nachhaltigkeit<\/a><img loading=\"lazy\" decoding=\"async\" width=\"150\" height=\"61\" class=\"wp-image-122\" style=\"width: 150px;\" src=\"https:\/\/tricop.philhist.unibas.ch\/wp-content\/uploads\/2023\/03\/Screenshot-2023-03-10-at-10.35.02.png\" alt=\"\" srcset=\"https:\/\/tricop.philhist.unibas.ch\/wp-content\/uploads\/2023\/03\/Screenshot-2023-03-10-at-10.35.02.png 444w, https:\/\/tricop.philhist.unibas.ch\/wp-content\/uploads\/2023\/03\/Screenshot-2023-03-10-at-10.35.02-300x123.png 300w, https:\/\/tricop.philhist.unibas.ch\/wp-content\/uploads\/2023\/03\/Screenshot-2023-03-10-at-10.35.02-18x7.png 18w\" sizes=\"auto, (max-width: 150px) 100vw, 150px\" \/><\/p>\n<\/div>\n<\/div>\n\n\n\n<p><\/p>\n","protected":false},"excerpt":{"rendered":"<p>Auf dieser Seite finden Sie Links zu unseren Partnerorganisationen: UniBas TRICOP EH Freiburg IKRB Ecotrinova Collective Climate Justice \u00d6kozentrum B\u00e2lance B\u00e2le Blabla Car Basel Unverpackt Jardin de la Garance \u00d6kogemeinde Binningen Quartiersarbeit Vauban Regionalwert AG Freiburg Waldhaus Freiburg StadtOasen Bad S\u00e4ckingen Konsumerverband Basel D\u00e9croissance Basel Slow Food Basel Studentengarten Freiburg Basel Wandel Stadt Freiburg i.&hellip; <a class=\"more-link\" href=\"https:\/\/tricop.philhist.unibas.ch\/de\/links\/\"><span class=\"screen-reader-text\">Partnerschaften<\/span> weiterlesen<\/a><\/p>\n","protected":false},"author":1,"featured_media":0,"parent":0,"menu_order":0,"comment_status":"closed","ping_status":"closed","template":"","meta":{"_bbp_topic_count":0,"_bbp_reply_count":0,"_bbp_total_topic_count":0,"_bbp_total_reply_count":0,"_bbp_voice_count":0,"_bbp_anonymous_reply_count":0,"_bbp_topic_count_hidden":0,"_bbp_reply_count_hidden":0,"_bbp_forum_subforum_count":0,"footnotes":""},"class_list":["post-26","page","type-page","status-publish","hentry","entry"],"_links":{"self":[{"href":"https:\/\/tricop.philhist.unibas.ch\/de\/wp-json\/wp\/v2\/pages\/26","targetHints":{"allow":["GET"]}}],"collection":[{"href":"https:\/\/tricop.philhist.unibas.ch\/de\/wp-json\/wp\/v2\/pages"}],"about":[{"href":"https:\/\/tricop.philhist.unibas.ch\/de\/wp-json\/wp\/v2\/types\/page"}],"author":[{"embeddable":true,"href":"https:\/\/tricop.philhist.unibas.ch\/de\/wp-json\/wp\/v2\/users\/1"}],"replies":[{"embeddable":true,"href":"https:\/\/tricop.philhist.unibas.ch\/de\/wp-json\/wp\/v2\/comments?post=26"}],"version-history":[{"count":16,"href":"https:\/\/tricop.philhist.unibas.ch\/de\/wp-json\/wp\/v2\/pages\/26\/revisions"}],"predecessor-version":[{"id":264,"href":"https:\/\/tricop.philhist.unibas.ch\/de\/wp-json\/wp\/v2\/pages\/26\/revisions\/264"}],"wp:attachment":[{"href":"https:\/\/tricop.philhist.unibas.ch\/de\/wp-json\/wp\/v2\/media?parent=26"}],"curies":[{"name":"wp","href":"https:\/\/api.w.org\/{rel}","templated":true}]}}